{"id":482,"date":"2023-02-10T16:04:49","date_gmt":"2023-02-10T16:04:49","guid":{"rendered":"http:\/\/hoangngoc.com.vn\/?post_type=product&#038;p=482"},"modified":"2023-02-10T16:05:15","modified_gmt":"2023-02-10T16:05:15","slug":"bon-kin-bao-on-2","status":"publish","type":"product","link":"https:\/\/hoangngoc.com.vn\/en\/product\/bon-kin-bao-on-2\/","title":{"rendered":"B\u1ed3n k\u00edn b\u1ea3o \u00f4n"},"content":{"rendered":"<p><strong>TH\u00d4NG TIN S\u1ea2N PH\u1ea8M: B\u1ed3n k\u00edn\u00a0b\u1ea3o \u00f4n Jiko ch\u1ecbu \u00e1p \u00a0\u2013 Jiko tank<\/strong><\/p>\n<p><strong>&#8211;<\/strong>\u00a0Ru\u1ed9t trong ch\u1ecbu \u00e1p l\u1ef1c<\/p>\n<p><strong>&#8211;<\/strong>\u00a0B\u1ea3o \u00f4n &#8211; Foam Polyethylen 2 th\u00e0nh ph\u1ea7n: 50mm<\/p>\n<p>&#8211; Ch\u1ecbu nhi\u1ec7t d\u1ea3i ti\u00eau chu\u1ea9n\/Max (Output water temp):\u00a0 _05 =&gt; 100<sup>0<\/sup>C<\/p>\n<p>&#8211; T\u1ed5n th\u1ea5t nhi\u1ec7t sau 24 gi\u1edd ti\u00eau chu\u1ea9n \/ Max: 1,5 =&gt; 3<sup>\u00a00<\/sup>C<\/p>\n<p><strong>\u0110\u1eb7c Bi\u1ec7t c\u1ee7a Jiko Tank : C\u00e1c lo\u1ea1i b\u1ed3n kh\u00e1c kh\u00f4ng c\u00f3<\/strong><\/p>\n<p><em>* C\u00f3 th\u00eam thanh Magie ( Mg ) ch\u1ed1ng \u0111\u00f3ng b\u00e1m m\u1ea3ng &amp; k\u1ebft t\u1ee7a<\/em><\/p>\n<p><em>**\u00a0<\/em><em>Ch\u1ee9c n\u0103ng t\u1ef1 \u0111\u1ed9ng x\u1ea3 e kh\u00ed b\u00e1o v\u1ec7 b\u1ed3n<\/em><\/p>\n<p>&nbsp;<\/p>","protected":false},"excerpt":{"rendered":"<p>&nbsp;<\/p>\n<p>&nbsp;<\/p>\n<p>&nbsp;<\/p>\n<p>&nbsp;<\/p>\n<p>&nbsp;<\/p>","protected":false},"featured_media":478,"comment_status":"open","ping_status":"closed","template":"","meta":[],"product_brand":[],"product_cat":[26,20],"product_tag":[],"class_list":{"0":"post-482","1":"product","2":"type-product","3":"status-publish","4":"has-post-thumbnail","6":"product_cat-bon-bao-on-inox","7":"product_cat-may-bom-nhiet-heatpump-jiko","9":"first","10":"instock","11":"shipping-taxable","12":"product-type-simple"},"_links":{"self":[{"href":"https:\/\/hoangngoc.com.vn\/en\/wp-json\/wp\/v2\/product\/482","targetHints":{"allow":["GET"]}}],"collection":[{"href":"https:\/\/hoangngoc.com.vn\/en\/wp-json\/wp\/v2\/product"}],"about":[{"href":"https:\/\/hoangngoc.com.vn\/en\/wp-json\/wp\/v2\/types\/product"}],"replies":[{"embeddable":true,"href":"https:\/\/hoangngoc.com.vn\/en\/wp-json\/wp\/v2\/comments?post=482"}],"wp:featuredmedia":[{"embeddable":true,"href":"https:\/\/hoangngoc.com.vn\/en\/wp-json\/wp\/v2\/media\/478"}],"wp:attachment":[{"href":"https:\/\/hoangngoc.com.vn\/en\/wp-json\/wp\/v2\/media?parent=482"}],"wp:term":[{"taxonomy":"product_brand","embeddable":true,"href":"https:\/\/hoangngoc.com.vn\/en\/wp-json\/wp\/v2\/product_brand?post=482"},{"taxonomy":"product_cat","embeddable":true,"href":"https:\/\/hoangngoc.com.vn\/en\/wp-json\/wp\/v2\/product_cat?post=482"},{"taxonomy":"product_tag","embeddable":true,"href":"https:\/\/hoangngoc.com.vn\/en\/wp-json\/wp\/v2\/product_tag?post=482"}],"curies":[{"name":"wp","href":"https:\/\/api.w.org\/{rel}","templated":true}]}}