{"id":486,"date":"2023-02-16T02:04:09","date_gmt":"2023-02-16T02:04:09","guid":{"rendered":"http:\/\/hoangngoc.com.vn\/?post_type=product&#038;p=486"},"modified":"2023-02-16T02:04:28","modified_gmt":"2023-02-16T02:04:28","slug":"serie-dii-5","status":"publish","type":"product","link":"https:\/\/hoangngoc.com.vn\/en\/product\/serie-dii-5\/","title":{"rendered":"Serie DII"},"content":{"rendered":"<h3><strong>Technical Figure<\/strong><\/h3>\n<h3><img loading=\"lazy\" decoding=\"async\" class=\"aligncenter wp-image-290\" src=\"http:\/\/hoangngoc.com.vn\/wp-content\/uploads\/2022\/11\/serie-dii-3-1024x721.jpg\" alt=\"may-bom-nhiet-be-boi-jiko\" width=\"800\" height=\"563\" srcset=\"https:\/\/hoangngoc.com.vn\/wp-content\/uploads\/2022\/11\/serie-dii-3-1024x721.jpg 1024w, https:\/\/hoangngoc.com.vn\/wp-content\/uploads\/2022\/11\/serie-dii-3-500x352.jpg 500w, https:\/\/hoangngoc.com.vn\/wp-content\/uploads\/2022\/11\/serie-dii-3-300x211.jpg 300w, https:\/\/hoangngoc.com.vn\/wp-content\/uploads\/2022\/11\/serie-dii-3-768x541.jpg 768w, https:\/\/hoangngoc.com.vn\/wp-content\/uploads\/2022\/11\/serie-dii-3.jpg 1241w\" sizes=\"auto, (max-width: 800px) 100vw, 800px\" \/><\/h3>\n<h3><strong>M\u00e1y n\u01b0\u1edbc n\u00f3ng n\u0103ng l\u01b0\u1ee3ng kh\u00f4ng kh\u00ed JIKO<\/strong><\/h3>\n<p>V\u1edbi \u01b0u \u0111i\u1ec3m l\u00e0 t\u1eadn thu n\u0103ng l\u01b0\u1ee3ng t\u1eeb kh\u00f4ng kh\u00ed \u0111\u1ec3 l\u00e0m n\u00f3ng n\u01b0\u1edbc v\u00e0 ch\u1ea5t l\u1ecfng, l\u01b0u l\u01b0\u1ee3ng l\u00e0m n\u00f3ng l\u1edbn, nhanh, nhi\u1ec7t \u0111\u1ed9 \u1ed5n \u0111\u1ecbnh, l\u01b0u tr\u1eef 48h\u00a0ch\u1ec9 gi\u1ea3m 5<sup>o<\/sup>C, t\u1ef1 \u0111\u1ed9ng b\u00f9 nhi\u1ec7t khi n\u01b0\u1edbc l\u01b0u tr\u1eef gi\u1ea3m 7<sup>o<\/sup>C,\u2026. M\u00e1y n\u01b0\u1edbc n\u00f3ng n\u0103ng l\u01b0\u1ee3ng kh\u00f4ng kh\u00ed JiKO l\u00e0 l\u1ef1a ch\u1ecdn h\u00e0ng \u0111\u1ea7u c\u1ee7a Qu\u00fd Kh\u00e1ch h\u00e0ng t\u1eeb B\u1eafc v\u00e0o Nam.<\/p>\n<p>Theo chuy\u00ean gia c\u1ee7a C\u00f4ng ty TNHH C\u00f4ng Ngh\u1ec7 M\u1edbi TKNL Ho\u00e0ng Ng\u1ecdc, m\u00e1y n\u01b0\u1edbc n\u00f3ng n\u0103ng l\u01b0\u1ee3ng kh\u00f4ng kh\u00ed JiKO g\u1ed3m 2 ph\u1ea7n: L\u1ed1c m\u00e1y, b\u1ed3n ch\u1ee9a v\u00e0 l\u00e0m n\u00f3ng n\u01b0\u1edbc. Trong \u0111\u00f3, l\u1ed1c m\u00e1y g\u1ed3m b\u01a1m nhi\u1ec7t, h\u1ec7 th\u1ed1ng \u1ed1ng thu nhi\u1ec7t t\u1eeb kh\u00f4ng kh\u00ed v\u00e0 b\u1ed9 ph\u1eadn k\u1ef9 thu\u1eadt s\u1ed1 \u0111\u1ec3 \u0111i\u1ec1u khi\u1ec3n m\u00e1y ho\u1ea1t \u0111\u1ed9ng, l\u00e0m n\u00f3ng n\u01b0\u1edbc c\u00f3 h\u1ec7 th\u1ed1ng \u1ed1ng trao \u0111\u1ed5i nhi\u1ec7t v\u00e0 b\u00ecnh ch\u1ee9a n\u01b0\u1edbc.<\/p>\n<h3><img loading=\"lazy\" decoding=\"async\" class=\"aligncenter wp-image-291 size-full\" src=\"http:\/\/hoangngoc.com.vn\/wp-content\/uploads\/2022\/11\/serie-bii-4.jpg\" alt=\"may-bom-nhiet-be-boi-jiko\" width=\"800\" height=\"500\" srcset=\"https:\/\/hoangngoc.com.vn\/wp-content\/uploads\/2022\/11\/serie-bii-4.jpg 800w, https:\/\/hoangngoc.com.vn\/wp-content\/uploads\/2022\/11\/serie-bii-4-500x313.jpg 500w, https:\/\/hoangngoc.com.vn\/wp-content\/uploads\/2022\/11\/serie-bii-4-300x188.jpg 300w, https:\/\/hoangngoc.com.vn\/wp-content\/uploads\/2022\/11\/serie-bii-4-768x480.jpg 768w\" sizes=\"auto, (max-width: 800px) 100vw, 800px\" \/><\/h3>\n<p>M\u00e1y n\u01b0\u1edbc n\u00f3ng n\u0103ng l\u01b0\u1ee3ng kh\u00f4ng kh\u00ed JiKO ho\u1ea1t \u0111\u1ed9ng theo nguy\u00ean l\u00fd: L\u1ed1c m\u00e1y d\u00f9ng \u0111i\u1ec7n \u0111\u1ec3 v\u1eadn h\u00e0nh b\u01a1m nhi\u1ec7t thu n\u0103ng l\u01b0\u1ee3ng (s\u1ee9c n\u00f3ng t\u1eeb kh\u00f4ng kh\u00ed) t\u1eeb m\u00f4i tr\u01b0\u1eddng sau \u0111\u00f3 chuy\u1ec3n nhi\u1ec7t l\u00ean b\u1ed3n ch\u1ee9a v\u00e0 l\u00e0m n\u00f3ng n\u01b0\u1edbc th\u00f4ng qua \u0111\u01b0\u1eddng \u1ed1ng gas \u0111i v\u00e0 v\u1ec1 (gi\u1ed1ng nh\u01b0 m\u00e1y l\u1ea1nh).<\/p>\n<p>M\u00e1y n\u01b0\u1edbc n\u00f3ng n\u0103ng l\u01b0\u1ee3ng kh\u00f4ng kh\u00ed JIKO\u00a0l\u00e0 d\u00f2ng m\u00e1y si\u00eau ti\u1ebft ki\u1ec7m \u0111i\u1ec7n, s\u1eed d\u1ee5ng thi\u1ebft b\u1ecb c\u00f4ng ngh\u1ec7 ti\u00ean ti\u1ebfn b\u01a1m nhi\u1ec7t t\u1eadn thu n\u0103ng l\u01b0\u1ee3ng t\u1eeb kh\u00f4ng kh\u00ed \u0111\u1ec3 l\u00e0m n\u00f3ng n\u01b0\u1edbc &amp; ch\u1ea5t l\u1ecfng, c\u00f3 hi\u1ec7u su\u1ea5t chuy\u1ec3n \u0111\u1ed5i n\u0103ng l\u01b0\u1ee3ng v\u01b0\u1ee3t b\u1eadc t\u1eeb 399% \u0111\u1ebfn 635% nh\u1edd v\u1eady khi m\u00e1y v\u1eadn h\u00e0nh ch\u1ec9 ti\u00eau t\u1ed1n 25% so v\u1edbi t\u1ea5t c\u1ea3 c\u00e1c thi\u1ebft b\u1ecb l\u00e0m n\u00f3ng kh\u00e1c\u00a0ti\u1ebft ki\u1ec7m t\u1edbi 90% cho ng\u00e2n qu\u1ef9 v\u00e0 t\u00fai ti\u1ec1n.<\/p>\n<h3><img loading=\"lazy\" decoding=\"async\" class=\"aligncenter wp-image-292 size-full\" src=\"http:\/\/hoangngoc.com.vn\/wp-content\/uploads\/2022\/11\/serie-dii-2.jpg\" alt=\"may-bom-nhiet-be-boi-jiko\" width=\"800\" height=\"500\" srcset=\"https:\/\/hoangngoc.com.vn\/wp-content\/uploads\/2022\/11\/serie-dii-2.jpg 800w, https:\/\/hoangngoc.com.vn\/wp-content\/uploads\/2022\/11\/serie-dii-2-500x313.jpg 500w, https:\/\/hoangngoc.com.vn\/wp-content\/uploads\/2022\/11\/serie-dii-2-300x188.jpg 300w, https:\/\/hoangngoc.com.vn\/wp-content\/uploads\/2022\/11\/serie-dii-2-768x480.jpg 768w\" sizes=\"auto, (max-width: 800px) 100vw, 800px\" \/><\/h3>\n<div><strong>\u01afu \u0111i\u1ec3m v\u01b0\u1ee3t tr\u1ed9i c\u1ee7a m\u00e1y n\u01b0\u1edbc\u00a0n\u00f3ng n\u0103ng l\u01b0\u1ee3ng kh\u00f4ng kh\u00ed JIKO so v\u1edbi c\u00e1c h\u1ec7 th\u1ed1ng kh\u00e1c:<\/strong><\/div>\n<ol>\n<li>\u00a0An to\u00e0n tuy\u1ec7t \u0111\u1ed1i<\/li>\n<li>\u00a0Th\u00e2n thi\u1ec7n v\u1edbi m\u00f4i tr\u01b0\u1eddng<\/li>\n<li>\u0110\u1ea7u t\u01b0 th\u1ea5p \u2013 Sinh l\u1ee3i cao<\/li>\n<li>Si\u00eau ti\u1ebft ki\u1ec7m tr\u00ean 90% chi ph\u00ed n\u0103ng l\u01b0\u1ee3ng<\/li>\n<li>V\u1eadn h\u00e0nh t\u1ef1 \u0111\u1ed9ng \u2013 gi\u1ea3i ph\u00f3ng nh\u00e2n c\u00f4ng tay ngh\u1ec1 cao<\/li>\n<li>L\u00e0m n\u00f3ng c\u1ef1c nhanh \u2013 L\u01b0u l\u01b0\u1ee3ng cung c\u1ea5p l\u1edbn &amp; si\u00eau l\u1edbn<\/li>\n<li>T\u1ef1 \u0111\u1ed9ng d\u00f2 t\u00ecm l\u1ed7i \u2013 Auto Stop m\u1ecdi tr\u1ea1ng th\u00e1i b\u00e1o b\u00e1o l\u1ed7i tr\u00ean h\u1ec7 th\u1ed1ng<\/li>\n<li>L\u00e0m n\u00f3ng n\u01b0\u1edbc trong m\u1ecdi th\u1eddi ti\u1ebft : M\u01b0a, ban \u0111\u00eam, m\u00f9a \u0111\u00f4ng<\/li>\n<li>Thu h\u1ed3i v\u1ed1n nhanh ch\u1ec9 t\u1eeb 12 th\u00e1ng<\/li>\n<li>Tu\u1ed5i th\u1ecd cao, b\u1ea3o tr\u00ec th\u1ea5p, \u0111\u01a1n gi\u1ea3n, ph\u1ed5 th\u00f4ng &amp; l\u1eafp \u0111\u1eb7t kh\u00f4ng t\u1ed1n nhi\u1ec1u di\u1ec7n t\u00edch.<\/li>\n<\/ol>\n<h3><img loading=\"lazy\" decoding=\"async\" class=\"aligncenter wp-image-293 size-full\" src=\"http:\/\/hoangngoc.com.vn\/wp-content\/uploads\/2022\/11\/serie-dii.jpg\" alt=\"may-bom-nhiet-be-boi-jiko\" width=\"800\" height=\"500\" srcset=\"https:\/\/hoangngoc.com.vn\/wp-content\/uploads\/2022\/11\/serie-dii.jpg 800w, https:\/\/hoangngoc.com.vn\/wp-content\/uploads\/2022\/11\/serie-dii-500x313.jpg 500w, https:\/\/hoangngoc.com.vn\/wp-content\/uploads\/2022\/11\/serie-dii-300x188.jpg 300w, https:\/\/hoangngoc.com.vn\/wp-content\/uploads\/2022\/11\/serie-dii-768x480.jpg 768w\" sizes=\"auto, (max-width: 800px) 100vw, 800px\" \/><\/h3>\n<h4><strong>Li\u00ean h\u1ec7 v\u1edbi Ho\u00e0ng Ng\u1ecdc ngay \u0111\u1ec3 \u0111\u01b0\u1ee3c t\u01b0 v\u1ea5n gi\u1ea3i ph\u00e1p m\u00e1y n\u01b0\u1edbc n\u00f3ng si\u00eau ti\u1ebft ki\u1ec7m:\u00a0<\/strong><\/h4>\n<p><strong>\u0110\/C:<\/strong>\u00a031 Nguy\u1ec5n C\u00f4ng Hoan \u2013\u00a0P. 07 \u2013\u00a0Q. Ph\u00fa Nhu\u1eadn \u2013\u00a0Tp. H\u1ed3 Ch\u00ed Minh<\/p>\n<p><strong>Tel:<\/strong>\u00a0(028) 6685 9846<\/p>\n<p><strong>VP\u0110D:\u00a0<\/strong>11 \u2013 B9 \u2013 KDC 918 \u2013 P. Ph\u00fac \u0110\u1ed3ng \u2013 Q. Long Bi\u00ean \u2013 H\u00e0 N\u1ed9i<\/p>\n<p><strong>Hotline:<\/strong>\u00a00903 829 619<\/p>\n<p><strong>Website:<\/strong>\u00a0hoangngoc.com.vn \u2013\u00a0jiko.vn \u2013 jikojapan.com<\/p>\n<p><strong>Email:<\/strong>\u00a0hoangngocjiko@gmail.com<\/p>\n<p>&nbsp;<\/p>\n<p>&nbsp;<\/p>\n<p>&nbsp;<\/p>\n<p>&nbsp;<\/p>","protected":false},"excerpt":{"rendered":"<p>M\u00e1y b\u01a1m nhi\u1ec7t Heatpump B\u1ec3 b\u01a1i l\u00e0 s\u1ef1 l\u1ef1a ch\u1ecdn ho\u00e0n h\u1ea3o nh\u1ea5t d\u00f9ng trong ng\u00e0nh d\u1ecbch v\u1ee5: B\u1ec3 b\u01a1i, massage, spa, h\u1ed3 n\u01b0\u1edbc ng\u00e2m ch\u00e2n, h\u1ed3 massage n\u01b0\u1edbc n\u00f3ng, h\u1ed3 b\u01a1i n\u01b0\u1edbc n\u00f3ng,&#8230; Doanh nghi\u1ec7p c\u00f3 th\u1ec3 t\u1eadn d\u1ee5ng \u0111\u01b0\u1ee3c l\u1ee3i th\u1ebf t\u1eeb m\u00e1y l\u00e0 th\u1eddi gian v\u00e0 l\u01b0u l\u01b0\u1ee3ng cung c\u1ea5p si\u00eau l\u1edbn, \u0111\u1ed3ng th\u1eddi thu h\u1ed3i v\u1ed1n nhanh ch\u1ec9 t\u1eeb 12 th\u00e1ng.<\/p>\n<p>&nbsp;<\/p>","protected":false},"featured_media":294,"comment_status":"open","ping_status":"closed","template":"","meta":[],"product_brand":[],"product_cat":[24,20],"product_tag":[],"class_list":{"0":"post-486","1":"product","2":"type-product","3":"status-publish","4":"has-post-thumbnail","6":"product_cat-may-bom-nhiet-be-boi","7":"product_cat-may-bom-nhiet-heatpump-jiko","9":"first","10":"instock","11":"shipping-taxable","12":"purchasable","13":"product-type-simple"},"_links":{"self":[{"href":"https:\/\/hoangngoc.com.vn\/en\/wp-json\/wp\/v2\/product\/486","targetHints":{"allow":["GET"]}}],"collection":[{"href":"https:\/\/hoangngoc.com.vn\/en\/wp-json\/wp\/v2\/product"}],"about":[{"href":"https:\/\/hoangngoc.com.vn\/en\/wp-json\/wp\/v2\/types\/product"}],"replies":[{"embeddable":true,"href":"https:\/\/hoangngoc.com.vn\/en\/wp-json\/wp\/v2\/comments?post=486"}],"wp:featuredmedia":[{"embeddable":true,"href":"https:\/\/hoangngoc.com.vn\/en\/wp-json\/wp\/v2\/media\/294"}],"wp:attachment":[{"href":"https:\/\/hoangngoc.com.vn\/en\/wp-json\/wp\/v2\/media?parent=486"}],"wp:term":[{"taxonomy":"product_brand","embeddable":true,"href":"https:\/\/hoangngoc.com.vn\/en\/wp-json\/wp\/v2\/product_brand?post=486"},{"taxonomy":"product_cat","embeddable":true,"href":"https:\/\/hoangngoc.com.vn\/en\/wp-json\/wp\/v2\/product_cat?post=486"},{"taxonomy":"product_tag","embeddable":true,"href":"https:\/\/hoangngoc.com.vn\/en\/wp-json\/wp\/v2\/product_tag?post=486"}],"curies":[{"name":"wp","href":"https:\/\/api.w.org\/{rel}","templated":true}]}}