{"id":672,"date":"2023-07-20T10:11:51","date_gmt":"2023-07-20T10:11:51","guid":{"rendered":"https:\/\/hoangngoc.com.vn\/?post_type=product&#038;p=672"},"modified":"2023-07-20T10:11:52","modified_gmt":"2023-07-20T10:11:52","slug":"jiko-all-in-one-500l","status":"publish","type":"product","link":"https:\/\/hoangngoc.com.vn\/en\/product\/jiko-all-in-one-500l\/","title":{"rendered":"Jiko All In One 500L"},"content":{"rendered":"<h3><strong>Technical Figure<\/strong><\/h3>\n<p><img loading=\"lazy\" decoding=\"async\" class=\"aligncenter size-full wp-image-673\" src=\"http:\/\/hoangngoc.com.vn\/wp-content\/uploads\/2023\/07\/jk.jpg\" alt=\"\" width=\"565\" height=\"587\" srcset=\"https:\/\/hoangngoc.com.vn\/wp-content\/uploads\/2023\/07\/jk.jpg 565w, https:\/\/hoangngoc.com.vn\/wp-content\/uploads\/2023\/07\/jk-289x300.jpg 289w, https:\/\/hoangngoc.com.vn\/wp-content\/uploads\/2023\/07\/jk-12x12.jpg 12w, https:\/\/hoangngoc.com.vn\/wp-content\/uploads\/2023\/07\/jk-500x519.jpg 500w\" sizes=\"auto, (max-width: 565px) 100vw, 565px\" \/><\/p>\n<h3><strong>M\u00e1y n\u01b0\u1edbc n\u00f3ng n\u0103ng l\u01b0\u1ee3ng kh\u00f4ng kh\u00ed JIKO<\/strong><\/h3>\n<p><span style=\"font-size: 85%;\">V\u1edbi \u01b0u \u0111i\u1ec3m l\u00e0 t\u1eadn thu n\u0103ng l\u01b0\u1ee3ng t\u1eeb kh\u00f4ng kh\u00ed \u0111\u1ec3 l\u00e0m n\u00f3ng n\u01b0\u1edbc v\u00e0 ch\u1ea5t l\u1ecfng, l\u01b0u l\u01b0\u1ee3ng l\u00e0m n\u00f3ng l\u1edbn, nhanh, nhi\u1ec7t \u0111\u1ed9 \u1ed5n \u0111\u1ecbnh, l\u01b0u tr\u1eef 48h\u00a0ch\u1ec9 gi\u1ea3m 5<sup>o<\/sup>C, t\u1ef1 \u0111\u1ed9ng b\u00f9 nhi\u1ec7t khi n\u01b0\u1edbc l\u01b0u tr\u1eef gi\u1ea3m 7<sup>o<\/sup>C,&#8230;. M\u00e1y n\u01b0\u1edbc n\u00f3ng n\u0103ng l\u01b0\u1ee3ng kh\u00f4ng kh\u00ed JiKO l\u00e0 l\u1ef1a ch\u1ecdn h\u00e0ng \u0111\u1ea7u c\u1ee7a Qu\u00fd Kh\u00e1ch h\u00e0ng t\u1eeb B\u1eafc v\u00e0o Nam.\u00a0<\/span><\/p>\n<p><span style=\"font-size: 85%;\">Theo chuy\u00ean gia c\u1ee7a C\u00f4ng ty TNHH C\u00f4ng Ngh\u1ec7 M\u1edbi TKNL Ho\u00e0ng Ng\u1ecdc, m\u00e1y n\u01b0\u1edbc n\u00f3ng n\u0103ng l\u01b0\u1ee3ng kh\u00f4ng kh\u00ed JiKO g\u1ed3m 2 ph\u1ea7n: L\u1ed1c m\u00e1y, b\u1ed3n ch\u1ee9a v\u00e0 l\u00e0m n\u00f3ng n\u01b0\u1edbc. Trong \u0111\u00f3, l\u1ed1c m\u00e1y g\u1ed3m b\u01a1m nhi\u1ec7t, h\u1ec7 th\u1ed1ng \u1ed1ng thu nhi\u1ec7t t\u1eeb kh\u00f4ng kh\u00ed v\u00e0 b\u1ed9 ph\u1eadn k\u1ef9 thu\u1eadt s\u1ed1 \u0111\u1ec3 \u0111i\u1ec1u khi\u1ec3n m\u00e1y ho\u1ea1t \u0111\u1ed9ng, l\u00e0m n\u00f3ng n\u01b0\u1edbc c\u00f3 h\u1ec7 th\u1ed1ng \u1ed1ng trao \u0111\u1ed5i nhi\u1ec7t v\u00e0 b\u00ecnh ch\u1ee9a n\u01b0\u1edbc.<\/span><\/p>\n<p><img loading=\"lazy\" decoding=\"async\" class=\"aligncenter wp-image-172 size-full\" src=\"http:\/\/hoangngoc.com.vn\/wp-content\/uploads\/2022\/11\/1-27-e1669365319127.jpg\" alt=\"\" width=\"600\" height=\"376\" srcset=\"https:\/\/hoangngoc.com.vn\/wp-content\/uploads\/2022\/11\/1-27-e1669365319127.jpg 600w, https:\/\/hoangngoc.com.vn\/wp-content\/uploads\/2022\/11\/1-27-e1669365319127-500x313.jpg 500w, https:\/\/hoangngoc.com.vn\/wp-content\/uploads\/2022\/11\/1-27-e1669365319127-300x188.jpg 300w\" sizes=\"auto, (max-width: 600px) 100vw, 600px\" \/><\/p>\n<p><span style=\"font-size: 85%;\">M\u00e1y n\u01b0\u1edbc n\u00f3ng n\u0103ng l\u01b0\u1ee3ng kh\u00f4ng kh\u00ed JiKO ho\u1ea1t \u0111\u1ed9ng theo nguy\u00ean l\u00fd: L\u1ed1c m\u00e1y d\u00f9ng \u0111i\u1ec7n \u0111\u1ec3 v\u1eadn h\u00e0nh b\u01a1m nhi\u1ec7t thu n\u0103ng l\u01b0\u1ee3ng (s\u1ee9c n\u00f3ng t\u1eeb kh\u00f4ng kh\u00ed) t\u1eeb m\u00f4i tr\u01b0\u1eddng sau \u0111\u00f3 chuy\u1ec3n nhi\u1ec7t l\u00ean b\u1ed3n ch\u1ee9a v\u00e0 l\u00e0m n\u00f3ng n\u01b0\u1edbc th\u00f4ng qua \u0111\u01b0\u1eddng \u1ed1ng gas \u0111i v\u00e0 v\u1ec1 (gi\u1ed1ng nh\u01b0 m\u00e1y l\u1ea1nh).<\/span><\/p>\n<p><span style=\"font-size: 85%;\">M\u00e1y n\u01b0\u1edbc n\u00f3ng n\u0103ng l\u01b0\u1ee3ng kh\u00f4ng kh\u00ed JIKO\u00a0l\u00e0 d\u00f2ng m\u00e1y si\u00eau ti\u1ebft ki\u1ec7m \u0111i\u1ec7n, s\u1eed d\u1ee5ng thi\u1ebft b\u1ecb c\u00f4ng ngh\u1ec7 ti\u00ean ti\u1ebfn b\u01a1m nhi\u1ec7t t\u1eadn thu n\u0103ng l\u01b0\u1ee3ng t\u1eeb kh\u00f4ng kh\u00ed \u0111\u1ec3 l\u00e0m n\u00f3ng n\u01b0\u1edbc &amp; ch\u1ea5t l\u1ecfng, c\u00f3 hi\u1ec7u su\u1ea5t chuy\u1ec3n \u0111\u1ed5i n\u0103ng l\u01b0\u1ee3ng v\u01b0\u1ee3t b\u1eadc t\u1eeb 399% \u0111\u1ebfn 635% nh\u1edd v\u1eady khi m\u00e1y v\u1eadn h\u00e0nh ch\u1ec9 ti\u00eau t\u1ed1n 25% so v\u1edbi t\u1ea5t c\u1ea3 c\u00e1c thi\u1ebft b\u1ecb l\u00e0m n\u00f3ng kh\u00e1c\u00a0ti\u1ebft ki\u1ec7m t\u1edbi 90% cho ng\u00e2n qu\u1ef9 v\u00e0 t\u00fai ti\u1ec1n.<\/span><\/p>\n<p>&nbsp;<\/p>\n<p><img loading=\"lazy\" decoding=\"async\" class=\"aligncenter wp-image-167\" src=\"http:\/\/hoangngoc.com.vn\/wp-content\/uploads\/2022\/11\/1-16.jpg\" alt=\"\" width=\"487\" height=\"521\" srcset=\"https:\/\/hoangngoc.com.vn\/wp-content\/uploads\/2022\/11\/1-16.jpg 960w, https:\/\/hoangngoc.com.vn\/wp-content\/uploads\/2022\/11\/1-16-500x535.jpg 500w, https:\/\/hoangngoc.com.vn\/wp-content\/uploads\/2022\/11\/1-16-280x300.jpg 280w, https:\/\/hoangngoc.com.vn\/wp-content\/uploads\/2022\/11\/1-16-956x1024.jpg 956w, https:\/\/hoangngoc.com.vn\/wp-content\/uploads\/2022\/11\/1-16-768x822.jpg 768w\" sizes=\"auto, (max-width: 487px) 100vw, 487px\" \/><\/p>\n<div><strong>\u01afu \u0111i\u1ec3m v\u01b0\u1ee3t tr\u1ed9i c\u1ee7a m\u00e1y n\u01b0\u1edbc\u00a0n\u00f3ng n\u0103ng l\u01b0\u1ee3ng kh\u00f4ng kh\u00ed JIKO so v\u1edbi c\u00e1c h\u1ec7 th\u1ed1ng kh\u00e1c:<\/strong><\/div>\n<ol>\n<li><span style=\"font-size: 85%;\">\u00a0An to\u00e0n tuy\u1ec7t \u0111\u1ed1i<\/span><\/li>\n<li><span style=\"font-size: 85%;\">\u00a0Th\u00e2n thi\u1ec7n v\u1edbi m\u00f4i tr\u01b0\u1eddng<\/span><\/li>\n<li><span style=\"font-size: 85%;\">\u0110\u1ea7u t\u01b0 th\u1ea5p &#8211; Sinh l\u1ee3i cao<\/span><\/li>\n<li><span style=\"font-size: 85%;\">Si\u00eau ti\u1ebft ki\u1ec7m tr\u00ean 90% chi ph\u00ed n\u0103ng l\u01b0\u1ee3ng<\/span><\/li>\n<li><span style=\"font-size: 85%;\">V\u1eadn h\u00e0nh t\u1ef1 \u0111\u1ed9ng &#8211; gi\u1ea3i ph\u00f3ng nh\u00e2n c\u00f4ng tay ngh\u1ec1 cao<\/span><\/li>\n<li><span style=\"font-size: 85%;\">L\u00e0m n\u00f3ng c\u1ef1c nhanh &#8211; L\u01b0u l\u01b0\u1ee3ng cung c\u1ea5p l\u1edbn &amp; si\u00eau l\u1edbn<\/span><\/li>\n<li><span style=\"font-size: 85%;\">T\u1ef1 \u0111\u1ed9ng d\u00f2 t\u00ecm l\u1ed7i &#8211; Auto Stop m\u1ecdi tr\u1ea1ng th\u00e1i b\u00e1o b\u00e1o l\u1ed7i tr\u00ean h\u1ec7 th\u1ed1ng<\/span><\/li>\n<li><span style=\"font-size: 85%;\"> L\u00e0m n\u00f3ng n\u01b0\u1edbc trong m\u1ecdi th\u1eddi ti\u1ebft : M\u01b0a, ban \u0111\u00eam, m\u00f9a \u0111\u00f4ng<\/span><\/li>\n<li><span style=\"font-size: 85%;\">Thu h\u1ed3i v\u1ed1n nhanh ch\u1ec9 t\u1eeb 12 th\u00e1ng\u00a0<\/span><\/li>\n<li><span style=\"font-size: 85%;\">Tu\u1ed5i th\u1ecd cao, b\u1ea3o tr\u00ec th\u1ea5p, \u0111\u01a1n gi\u1ea3n, ph\u1ed5 th\u00f4ng &amp; l\u1eafp \u0111\u1eb7t kh\u00f4ng t\u1ed1n nhi\u1ec1u di\u1ec7n t\u00edch.<\/span><\/li>\n<\/ol>\n<p><img loading=\"lazy\" decoding=\"async\" class=\"aligncenter wp-image-169\" src=\"http:\/\/hoangngoc.com.vn\/wp-content\/uploads\/2022\/11\/1-25.jpg\" alt=\"may-bom-nhiet-heatpump-dan-dung\" width=\"500\" height=\"667\" srcset=\"https:\/\/hoangngoc.com.vn\/wp-content\/uploads\/2022\/11\/1-25.jpg 720w, https:\/\/hoangngoc.com.vn\/wp-content\/uploads\/2022\/11\/1-25-500x667.jpg 500w, https:\/\/hoangngoc.com.vn\/wp-content\/uploads\/2022\/11\/1-25-225x300.jpg 225w\" sizes=\"auto, (max-width: 500px) 100vw, 500px\" \/><\/p>\n<h4><strong>Li\u00ean h\u1ec7 v\u1edbi Ho\u00e0ng Ng\u1ecdc ngay \u0111\u1ec3 \u0111\u01b0\u1ee3c t\u01b0 v\u1ea5n gi\u1ea3i ph\u00e1p m\u00e1y n\u01b0\u1edbc n\u00f3ng si\u00eau ti\u1ebft ki\u1ec7m:\u00a0<\/strong><\/h4>\n<p><span style=\"font-size: 85%;\"><strong>\u0110\/C:<\/strong>\u00a031 Nguy\u1ec5n C\u00f4ng Hoan \u2013\u00a0P. 07 \u2013\u00a0Q. Ph\u00fa Nhu\u1eadn \u2013\u00a0Tp. H\u1ed3 Ch\u00ed Minh<\/span><\/p>\n<p><span style=\"font-size: 85%;\"><strong>Tel:<\/strong>\u00a0(028) 6685 9846<\/span><\/p>\n<p><span style=\"font-size: 85%;\"><strong>VP\u0110D:\u00a0<\/strong>11 \u2013 B9 \u2013 KDC 918 \u2013 P. Ph\u00fac \u0110\u1ed3ng \u2013 Q. Long Bi\u00ean \u2013 H\u00e0 N\u1ed9i<\/span><\/p>\n<p><span style=\"font-size: 85%;\"><strong>Hotline:<\/strong>\u00a00903 829 619<\/span><\/p>\n<p><span style=\"font-size: 85%;\"><strong>Website:<\/strong>\u00a0hoangngoc.com.vn \u2013\u00a0jiko.vn \u2013 jikojapan.com<\/span><\/p>\n<p><span style=\"font-size: 85%;\"><strong>Email:<\/strong>\u00a0hoangngocjiko@gmail.com<\/span><\/p>","protected":false},"excerpt":{"rendered":"<p>Th\u00f4ng s\u1ed1 k\u1ef9 thu\u1eadt M\u00e1y n\u01b0\u1edbc n\u00f3ng n\u0103ng l\u01b0\u1ee3ng kh\u00f4ng kh\u00ed JIKO V\u1edbi \u01b0u \u0111i\u1ec3m l\u00e0 t\u1eadn thu n\u0103ng l\u01b0\u1ee3ng t\u1eeb kh\u00f4ng kh\u00ed \u0111\u1ec3 l\u00e0m n\u00f3ng n\u01b0\u1edbc v\u00e0 ch\u1ea5t l\u1ecfng, l\u01b0u l\u01b0\u1ee3ng l\u00e0m n\u00f3ng l\u1edbn, nhanh, nhi\u1ec7t \u0111\u1ed9 \u1ed5n \u0111\u1ecbnh, l\u01b0u tr\u1eef 48h\u00a0ch\u1ec9 gi\u1ea3m 5oC, t\u1ef1 \u0111\u1ed9ng b\u00f9 nhi\u1ec7t khi n\u01b0\u1edbc l\u01b0u tr\u1eef gi\u1ea3m 7oC,&#8230;. [&#8230;]\n","protected":false},"featured_media":674,"comment_status":"open","ping_status":"closed","template":"","meta":[],"product_brand":[],"product_cat":[20],"product_tag":[],"class_list":{"0":"post-672","1":"product","2":"type-product","3":"status-publish","4":"has-post-thumbnail","6":"product_cat-may-bom-nhiet-heatpump-jiko","8":"first","9":"instock","10":"shipping-taxable","11":"product-type-simple"},"_links":{"self":[{"href":"https:\/\/hoangngoc.com.vn\/en\/wp-json\/wp\/v2\/product\/672","targetHints":{"allow":["GET"]}}],"collection":[{"href":"https:\/\/hoangngoc.com.vn\/en\/wp-json\/wp\/v2\/product"}],"about":[{"href":"https:\/\/hoangngoc.com.vn\/en\/wp-json\/wp\/v2\/types\/product"}],"replies":[{"embeddable":true,"href":"https:\/\/hoangngoc.com.vn\/en\/wp-json\/wp\/v2\/comments?post=672"}],"wp:featuredmedia":[{"embeddable":true,"href":"https:\/\/hoangngoc.com.vn\/en\/wp-json\/wp\/v2\/media\/674"}],"wp:attachment":[{"href":"https:\/\/hoangngoc.com.vn\/en\/wp-json\/wp\/v2\/media?parent=672"}],"wp:term":[{"taxonomy":"product_brand","embeddable":true,"href":"https:\/\/hoangngoc.com.vn\/en\/wp-json\/wp\/v2\/product_brand?post=672"},{"taxonomy":"product_cat","embeddable":true,"href":"https:\/\/hoangngoc.com.vn\/en\/wp-json\/wp\/v2\/product_cat?post=672"},{"taxonomy":"product_tag","embeddable":true,"href":"https:\/\/hoangngoc.com.vn\/en\/wp-json\/wp\/v2\/product_tag?post=672"}],"curies":[{"name":"wp","href":"https:\/\/api.w.org\/{rel}","templated":true}]}}