{"id":28,"date":"2022-11-18T11:15:45","date_gmt":"2022-11-18T11:15:45","guid":{"rendered":"http:\/\/hoangngoc.com.vn\/?page_id=28"},"modified":"2022-12-28T11:47:27","modified_gmt":"2022-12-28T11:47:27","slug":"lien-he","status":"publish","type":"page","link":"https:\/\/hoangngoc.com.vn\/vi\/lien-he\/","title":{"rendered":"Li\u00ean H\u1ec7"},"content":{"rendered":"<div class=\"row\"  id=\"row-761013589\">\n\n\t<div id=\"col-1542426702\" class=\"col medium-6 small-12 large-6\"  >\n\t\t\t\t<div class=\"col-inner\"  >\n\t\t\t\n\t\t\t\n<h3><strong>C\u00d4NG TY\u00a0TNHH C\u00d4NG NGH\u1ec6 M\u1edaI TKNL HO\u00c0NG NG\u1eccC<\/strong><\/h3>\n<p><strong>S\u1ed1 \u0110KKD 0312473717 do S\u1edf KH &amp; \u0110T Tp. H\u1ed3 Ch\u00ed Minh c\u1ea5p ng\u00e0y 24\/09\/2013\u200b<\/strong><br \/><strong><i class=\"fa-solid fa-house-user\"><\/i> \u0110\/C<\/strong>:\u00a031 Nguy\u1ec5n C\u00f4ng Hoan &#8211;\u00a0P. 07 &#8211;\u00a0Q. Ph\u00fa Nhu\u1eadn &#8211;\u00a0Tp. H\u1ed3 Ch\u00ed Minh<br \/><strong><i class=\"fa-solid fa-square-phone\"><\/i> Tel\u00a0 \u00a0 \u00a0 \u00a0 :\u00a0<\/strong>(028) 6685 9846<br \/><i class=\"fa-solid fa-house-user\"><\/i> VP\u0110D\u00a0 : 11 &#8211; B9\u00a0&#8211; KDC 918 &#8211; P. Ph\u00fac \u0110\u1ed3ng &#8211; Q. Long Bi\u00ean &#8211; H\u00e0 N\u1ed9i<br \/><i class=\"fa-solid fa-square-phone\"><\/i> Hotline\u00a0 : 0903 829 619<br \/><i class=\"fa-solid fa-earth-europe\"><\/i> Website: hoangngoc.com.vn &#8211;\u00a0jiko.vn &#8211; jikojapan.com<br \/><i class=\"fa-solid fa-envelope-open-text\"><\/i> Email\u00a0 \u00a0 : hoangngocjiko@gmail.com<\/p>\n\n<div class=\"wpcf7 no-js\" id=\"wpcf7-f396-o1\" lang=\"vi\" dir=\"ltr\" data-wpcf7-id=\"396\">\n<div class=\"screen-reader-response\"><p role=\"status\" aria-live=\"polite\" aria-atomic=\"true\"><\/p> <ul><\/ul><\/div>\n<form action=\"\/vi\/wp-json\/wp\/v2\/pages\/28#wpcf7-f396-o1\" method=\"post\" class=\"wpcf7-form init\" aria-label=\"Form li\u00ean h\u1ec7\" novalidate=\"novalidate\" data-status=\"init\">\n<fieldset class=\"hidden-fields-container\"><input type=\"hidden\" name=\"_wpcf7\" value=\"396\" \/><input type=\"hidden\" name=\"_wpcf7_version\" value=\"6.1.5\" \/><input type=\"hidden\" name=\"_wpcf7_locale\" value=\"vi\" \/><input type=\"hidden\" name=\"_wpcf7_unit_tag\" value=\"wpcf7-f396-o1\" \/><input type=\"hidden\" name=\"_wpcf7_container_post\" value=\"0\" \/><input type=\"hidden\" name=\"_wpcf7_posted_data_hash\" value=\"\" \/>\n<\/fieldset>\n<p><span class=\"wpcf7-form-control-wrap\" data-name=\"text-174\"><input size=\"40\" maxlength=\"400\" class=\"wpcf7-form-control wpcf7-text wpcf7-validates-as-required\" aria-required=\"true\" aria-invalid=\"false\" placeholder=\"H\u1ecd v\u00e0 t\u00ean\" value=\"\" type=\"text\" name=\"text-174\" \/><\/span><br \/>\n<span class=\"wpcf7-form-control-wrap\" data-name=\"email-955\"><input size=\"40\" maxlength=\"400\" class=\"wpcf7-form-control wpcf7-email wpcf7-validates-as-required wpcf7-text wpcf7-validates-as-email\" aria-required=\"true\" aria-invalid=\"false\" placeholder=\"Email\" value=\"\" type=\"email\" name=\"email-955\" \/><\/span><br \/>\n<span class=\"wpcf7-form-control-wrap\" data-name=\"tel-911\"><input size=\"40\" maxlength=\"400\" class=\"wpcf7-form-control wpcf7-tel wpcf7-validates-as-required wpcf7-text wpcf7-validates-as-tel\" aria-required=\"true\" aria-invalid=\"false\" placeholder=\"S\u1ed1 \u0111i\u1ec7n tho\u1ea1i\" value=\"\" type=\"tel\" name=\"tel-911\" \/><\/span><br \/>\n<span class=\"wpcf7-form-control-wrap\" data-name=\"textarea-925\"><textarea cols=\"40\" rows=\"10\" maxlength=\"2000\" class=\"wpcf7-form-control wpcf7-textarea\" aria-invalid=\"false\" placeholder=\"N\u1ed9i dung\" name=\"textarea-925\"><\/textarea><\/span><br \/>\n<input class=\"wpcf7-form-control wpcf7-submit has-spinner\" type=\"submit\" value=\"\u0110\u0103ng K\u00fd\" \/>\n<\/p><div class=\"wpcf7-response-output\" aria-hidden=\"true\"><\/div>\n<\/form>\n<\/div>\n\n\t\t<\/div>\n\t\t\t\t\t<\/div>\n\n\t\n\n\t<div id=\"col-1693614904\" class=\"col medium-6 small-12 large-6\"  >\n\t\t\t\t<div class=\"col-inner\"  >\n\t\t\t\n\t\t\t\n<p><iframe src=\"https:\/\/www.google.com\/maps\/embed?pb=!1m18!1m12!1m3!1d3919.1332997296627!2d106.68830487580762!3d10.801101158736511!2m3!1f0!2f0!3f0!3m2!1i1024!2i768!4f13.1!3m3!1m2!1s0x317528c578540959%3A0xfc708d4187ee3be8!2zMzEgTmd1eeG7hW4gQ8O0bmcgSG9hbiwgUGjGsOG7nW5nIDcsIFBow7ogTmh14bqtbiwgVGjDoG5oIHBo4buRIEjhu5MgQ2jDrSBNaW5oLCBWaeG7h3QgTmFt!5e0!3m2!1svi!2s!4v1668859384904!5m2!1svi!2s\" width=\"600\" height=\"450\" style=\"border:0;\" allowfullscreen=\"\" loading=\"lazy\" referrerpolicy=\"no-referrer-when-downgrade\"><\/iframe><\/p>\n\t\t<\/div>\n\t\t\t\t\t<\/div>\n\n\t\n<\/div>\n","protected":false},"excerpt":{"rendered":"","protected":false},"author":1,"featured_media":0,"parent":0,"menu_order":0,"comment_status":"closed","ping_status":"closed","template":"","meta":{"footnotes":""},"class_list":["post-28","page","type-page","status-publish","hentry"],"_links":{"self":[{"href":"https:\/\/hoangngoc.com.vn\/vi\/wp-json\/wp\/v2\/pages\/28","targetHints":{"allow":["GET"]}}],"collection":[{"href":"https:\/\/hoangngoc.com.vn\/vi\/wp-json\/wp\/v2\/pages"}],"about":[{"href":"https:\/\/hoangngoc.com.vn\/vi\/wp-json\/wp\/v2\/types\/page"}],"author":[{"embeddable":true,"href":"https:\/\/hoangngoc.com.vn\/vi\/wp-json\/wp\/v2\/users\/1"}],"replies":[{"embeddable":true,"href":"https:\/\/hoangngoc.com.vn\/vi\/wp-json\/wp\/v2\/comments?post=28"}],"version-history":[{"count":5,"href":"https:\/\/hoangngoc.com.vn\/vi\/wp-json\/wp\/v2\/pages\/28\/revisions"}],"predecessor-version":[{"id":397,"href":"https:\/\/hoangngoc.com.vn\/vi\/wp-json\/wp\/v2\/pages\/28\/revisions\/397"}],"wp:attachment":[{"href":"https:\/\/hoangngoc.com.vn\/vi\/wp-json\/wp\/v2\/media?parent=28"}],"curies":[{"name":"wp","href":"https:\/\/api.w.org\/{rel}","templated":true}]}}