{"id":476,"date":"2023-02-10T15:51:48","date_gmt":"2023-02-10T15:51:48","guid":{"rendered":"http:\/\/hoangngoc.com.vn\/?post_type=product&#038;p=476"},"modified":"2023-03-28T10:54:12","modified_gmt":"2023-03-28T10:54:12","slug":"lcd-senser","status":"publish","type":"product","link":"https:\/\/hoangngoc.com.vn\/vi\/san-pham\/lcd-senser\/","title":{"rendered":"LCD + Senser"},"content":{"rendered":"<p><strong>TH\u00d4NG TIN S\u1ea2N PH\u1ea8M:<\/strong><\/p>\n<p>&#8211; M\u00e0n h\u00ecnh hi\u1ec3n th\u1ecb LCD ( Monitor LCD ): \u0111\u01a1n gi\u1ea3n, r\u1ea5t g\u1ecdn d\u1ec5 s\u1eed d\u1ee5ng, kh\u1edfi \u0111\u1ed9ng nh\u00e2n c\u00f4ng c\u00f9ng c\u00e1c ch\u1ebf \u0111\u1ed9 c\u00e0i \u0111\u1eb7t t\u1ef1 \u0111\u1ed9ng &#8211; Hi\u1ec3n th\u1ecb \u0111a ch\u1ee9c n\u0103ng b\u00e1o l\u1ed7i an to\u00e0n<\/p>\n<p>&nbsp;<\/p>\n<p>&nbsp;<\/p>\n","protected":false},"excerpt":{"rendered":"<p>&nbsp;<\/p>\n<p>&nbsp;<\/p>\n<p>&nbsp;<\/p>\n","protected":false},"featured_media":366,"comment_status":"open","ping_status":"closed","template":"","meta":[],"product_brand":[],"product_cat":[21],"product_tag":[],"class_list":{"0":"post-476","1":"product","2":"type-product","3":"status-publish","4":"has-post-thumbnail","6":"product_cat-linh-phu-kien-may-bom-nhiet","8":"first","9":"instock","10":"shipping-taxable","11":"product-type-simple"},"_links":{"self":[{"href":"https:\/\/hoangngoc.com.vn\/vi\/wp-json\/wp\/v2\/product\/476","targetHints":{"allow":["GET"]}}],"collection":[{"href":"https:\/\/hoangngoc.com.vn\/vi\/wp-json\/wp\/v2\/product"}],"about":[{"href":"https:\/\/hoangngoc.com.vn\/vi\/wp-json\/wp\/v2\/types\/product"}],"replies":[{"embeddable":true,"href":"https:\/\/hoangngoc.com.vn\/vi\/wp-json\/wp\/v2\/comments?post=476"}],"wp:featuredmedia":[{"embeddable":true,"href":"https:\/\/hoangngoc.com.vn\/vi\/wp-json\/wp\/v2\/media\/366"}],"wp:attachment":[{"href":"https:\/\/hoangngoc.com.vn\/vi\/wp-json\/wp\/v2\/media?parent=476"}],"wp:term":[{"taxonomy":"product_brand","embeddable":true,"href":"https:\/\/hoangngoc.com.vn\/vi\/wp-json\/wp\/v2\/product_brand?post=476"},{"taxonomy":"product_cat","embeddable":true,"href":"https:\/\/hoangngoc.com.vn\/vi\/wp-json\/wp\/v2\/product_cat?post=476"},{"taxonomy":"product_tag","embeddable":true,"href":"https:\/\/hoangngoc.com.vn\/vi\/wp-json\/wp\/v2\/product_tag?post=476"}],"curies":[{"name":"wp","href":"https:\/\/api.w.org\/{rel}","templated":true}]}}