{"id":481,"date":"2023-02-10T16:02:47","date_gmt":"2023-02-10T16:02:47","guid":{"rendered":"http:\/\/hoangngoc.com.vn\/?post_type=product&#038;p=481"},"modified":"2023-02-10T16:04:40","modified_gmt":"2023-02-10T16:04:40","slug":"bon-bao-on-inox-2","status":"publish","type":"product","link":"https:\/\/hoangngoc.com.vn\/vi\/san-pham\/bon-bao-on-inox-2\/","title":{"rendered":"B\u1ed3n b\u1ea3o \u00f4n Inox"},"content":{"rendered":"<p><strong>B\u1ed3n b\u1ea3o \u00f4n Inox<\/strong> \u0111\u01b0\u1ee3c \u00e1p d\u1ee5ng h\u00e0n l\u0103n c\u00f4ng ngh\u1ec7 cao, v\u1edbi c\u00f4ng d\u1ee5ng ch\u1ee9a n\u01b0\u1edbc n\u00f3ng, n\u01b0\u1edbc l\u1ea1nh v\u00e0 c\u00f3 s\u1ee9c ch\u1ee9a l\u1edbn &amp; si\u00eau l\u1edbn \u0111\u00e1p \u1ee9ng t\u1ed1t m\u1ecdi l\u0129nh v\u1ef1c: h\u00f3a ch\u1ea5t, x\u0103ng d\u1ea7u, r\u01b0\u1ee3u, bia, n\u01b0\u1edbc gi\u1ea3i kh\u00e1t,&#8230;<\/p>\n<p><strong>TH\u00d4NG TIN S\u1ea2N PH\u1ea8M:\u00a0\u00a0<\/strong><strong>B\u00f4\u0300n ba\u0309o \u00f4n Inox (\u00a0<em>b\u1ed3n h\u1edf )<\/em><\/strong><\/p>\n<p>&#8211; Lo\u1ea1i b\u1ed3n: 2 l\u1edbp\u00a0Inox SUS 304<\/p>\n<p><strong>&#8211;<\/strong>\u00a0B\u1ea3o \u00f4n\u00a0 \u00a0: Foam Polyethynen 50 mm<\/p>\n<p><strong><em><u>\u0110\u1eb7c bi\u1ec7t:<\/u><\/em><\/strong><\/p>\n<p><strong>* C\u00f4ng ngh\u1ec7 h\u00e0n l\u0103n \u2013 c\u00f4ng ngh\u1ec7 h\u00e0n cao t\u1ea7n \u0111em l\u1ea1i s\u1ef1 b\u1ec1n b\u1ec9 kh\u00f4ng b\u1ecb r\u1ec9 s\u00e9t m\u1ed1i h\u00e0n<\/strong><\/p>\n<p><strong>** Foam b\u1ea3o \u00f4n phun \u00e1p l\u1ef1c cao, t\u1ef7 tr\u1ecdng l\u1edbn , \u0111\u1ed9 d\u00e0y foam 50mm m\u1ecbn , ph\u00e2n b\u1ed1 \u0111\u1ec1u , t\u1ed5n th\u1ea5t nhi\u1ec7t \u00edt ch\u1ec9 t\u1eeb 1,1 =&gt; 1,5<sup>0<\/sup>C\/24h<\/strong><\/p>\n<p><img loading=\"lazy\" decoding=\"async\" class=\"aligncenter wp-image-365\" src=\"http:\/\/hoangngoc.com.vn\/wp-content\/uploads\/2022\/11\/14.jpg\" alt=\"\" width=\"800\" height=\"469\" srcset=\"https:\/\/hoangngoc.com.vn\/wp-content\/uploads\/2022\/11\/14.jpg 1170w, https:\/\/hoangngoc.com.vn\/wp-content\/uploads\/2022\/11\/14-500x293.jpg 500w, https:\/\/hoangngoc.com.vn\/wp-content\/uploads\/2022\/11\/14-300x176.jpg 300w, https:\/\/hoangngoc.com.vn\/wp-content\/uploads\/2022\/11\/14-1024x600.jpg 1024w, https:\/\/hoangngoc.com.vn\/wp-content\/uploads\/2022\/11\/14-768x450.jpg 768w\" sizes=\"auto, (max-width: 800px) 100vw, 800px\" \/><\/p>\n<p>&nbsp;<\/p>\n<p>&nbsp;<\/p>\n<p>&nbsp;<\/p>\n","protected":false},"excerpt":{"rendered":"<p>&nbsp;<\/p>\n<p>&nbsp;<\/p>\n<p>&nbsp;<\/p>\n<p>&nbsp;<\/p>\n","protected":false},"featured_media":479,"comment_status":"open","ping_status":"closed","template":"","meta":[],"product_brand":[],"product_cat":[26,20],"product_tag":[],"class_list":{"0":"post-481","1":"product","2":"type-product","3":"status-publish","4":"has-post-thumbnail","6":"product_cat-bon-bao-on-inox","7":"product_cat-may-bom-nhiet-heatpump-jiko","9":"first","10":"instock","11":"shipping-taxable","12":"product-type-simple"},"_links":{"self":[{"href":"https:\/\/hoangngoc.com.vn\/vi\/wp-json\/wp\/v2\/product\/481","targetHints":{"allow":["GET"]}}],"collection":[{"href":"https:\/\/hoangngoc.com.vn\/vi\/wp-json\/wp\/v2\/product"}],"about":[{"href":"https:\/\/hoangngoc.com.vn\/vi\/wp-json\/wp\/v2\/types\/product"}],"replies":[{"embeddable":true,"href":"https:\/\/hoangngoc.com.vn\/vi\/wp-json\/wp\/v2\/comments?post=481"}],"wp:featuredmedia":[{"embeddable":true,"href":"https:\/\/hoangngoc.com.vn\/vi\/wp-json\/wp\/v2\/media\/479"}],"wp:attachment":[{"href":"https:\/\/hoangngoc.com.vn\/vi\/wp-json\/wp\/v2\/media?parent=481"}],"wp:term":[{"taxonomy":"product_brand","embeddable":true,"href":"https:\/\/hoangngoc.com.vn\/vi\/wp-json\/wp\/v2\/product_brand?post=481"},{"taxonomy":"product_cat","embeddable":true,"href":"https:\/\/hoangngoc.com.vn\/vi\/wp-json\/wp\/v2\/product_cat?post=481"},{"taxonomy":"product_tag","embeddable":true,"href":"https:\/\/hoangngoc.com.vn\/vi\/wp-json\/wp\/v2\/product_tag?post=481"}],"curies":[{"name":"wp","href":"https:\/\/api.w.org\/{rel}","templated":true}]}}